{"id":47,"date":"2021-10-08T06:53:46","date_gmt":"2021-10-08T04:53:46","guid":{"rendered":"https:\/\/www.irlippok.de\/lortzingart\/?page_id=47"},"modified":"2025-12-23T11:02:43","modified_gmt":"2025-12-23T10:02:43","slug":"ueber-lortzingart","status":"publish","type":"page","link":"https:\/\/www.irlippok.de\/lortzingart\/ueber-lortzingart\/","title":{"rendered":"\u00dcber LortzingART"},"content":{"rendered":"\n<div class=\"wp-block-media-text alignwide is-stacked-on-mobile is-vertically-aligned-top is-style-twentytwentyone-border\"><figure class=\"wp-block-media-text__media\"><img loading=\"lazy\" decoding=\"async\" width=\"596\" height=\"649\" src=\"https:\/\/www.irlippok.de\/lortzingart\/wp-content\/uploads\/sites\/2\/2021\/10\/lortzingart_raeume.jpg\" alt=\"\" class=\"wp-image-15 size-full\" srcset=\"https:\/\/www.irlippok.de\/lortzingart\/wp-content\/uploads\/sites\/2\/2021\/10\/lortzingart_raeume.jpg 596w, https:\/\/www.irlippok.de\/lortzingart\/wp-content\/uploads\/sites\/2\/2021\/10\/lortzingart_raeume-276x300.jpg 276w\" sizes=\"auto, (max-width: 596px) 100vw, 596px\" \/><\/figure><div class=\"wp-block-media-text__content\">\n<h4 class=\"wp-block-heading has-text-align-center\">LortzingART lebte seit 2018 von der Begegnung zwischen dem Atelierbetrieb und der Galerie, den k\u00fcnstlerischen Arbeiten von Inge-Rose Lippok und den K\u00fcnstlerinnen und K\u00fcnstlern der Ausstellungen. Ende 2025 wurde das Kulturprojekt LortzingART mit Galerie und Atelier benedet.<br><br><strong>Was war LortzingART?<\/strong><\/h4>\n\n\n\n<p><strong>LOFT:<\/strong> In R\u00e4umen \u00fcber den D\u00e4chern der List, drei U-Bahnstationen vom Hauptbahnhof Hannover entfernt, war die Produzentengalerie, LortzingART, ein einzigartiger Ort im Kunstbetrieb Hannovers.<br><br><strong>ENTWICKLUNG:<\/strong> Die K\u00fcnstlerin Inge-Rose Lippok rief LortzingART 2008 ins Leben. LortzingArt war eine Institution geworden, die vom Austausch mit anderen K\u00fcnstlern aus Osteuropa, aber auch Italien, den Niederlanden und den USA gelebt wurde. Die daraus erwachsenden gemeinsamen Projekte, wie z.B. Symposien und K\u00fcnstlersommerwochen in Tschechien zeugen von der erfolgreichen Arbeit. So zum Beispiel die Au\u00dftellung &#8222;Peepshow &#8211; Kunst ist k\u00e4uflich&#8220; erstmalig gezeigt 2008 im Podbipark, Hannover mit Tim Ulrichs, Siegfried Neuenhausen und den Tschechen Jan Samec und Miroslav Paral . Diese ging 2009 ins regionale Museum nach Karlovy Vary, CZ. und weiter in die st\u00e4dtische Galerie im Schlo\u00df in Cesky Krumlov .<br><br><strong>EVENTS:<\/strong> Bei LortzingART fanden Installationen, Lesungen, Konzerte und Au\u00dftellungen statt. Was hier passierte, ging weit \u00fcber den Verkauf von Tafelbildern und Grafik hinaus , wie zum Beispiel die Au\u00dftellung 2013 mit der international arbeitenden Performance-K\u00fcnstlerin Claudio Robles und dem in Basel lebenden Argentinier Carlos Poete und seiner Installation HORMIGUITAS. Seit der Er\u00fcffnung hatte sich das Publikum der Galerie und der Kreis der Sammler stark erweitert.<br><br><strong>KONZEPT:<\/strong> LortzingART lebte von der Begegnung im Atelier und der Galerie, den Arbeiten von Inge-Rose Lippok und der Kommunikation der eingeladenen K\u00fcnstler: Bildhauern, Malern und Videok\u00fcnstlern, Autoren, Komponisten. Es ging um gegenseitige k\u00fcnstlerische Herausforderung.<br><br><br><br><\/p>\n<\/div><\/div>\n\n\n\n<p><\/p>\n","protected":false},"excerpt":{"rendered":"<p>LortzingART lebte seit 2018 von der Begegnung zwischen dem Atelierbetrieb und der Galerie, den k\u00fcnstlerischen Arbeiten von Inge-Rose Lippok und den K\u00fcnstlerinnen und K\u00fcnstlern der Ausstellungen. Ende 2025 wurde das Kulturprojekt LortzingART mit Galerie und Atelier benedet. Was war LortzingART? LOFT: In R\u00e4umen \u00fcber den D\u00e4chern der List, drei U-Bahnstationen vom Hauptbahnhof Hannover entfernt, war&hellip; <a class=\"more-link\" href=\"https:\/\/www.irlippok.de\/lortzingart\/ueber-lortzingart\/\"><span class=\"screen-reader-text\">\u00dcber LortzingART<\/span> weiterlesen<\/a><\/p>\n","protected":false},"author":1,"featured_media":0,"parent":0,"menu_order":0,"comment_status":"closed","ping_status":"closed","template":"","meta":{"footnotes":""},"class_list":["post-47","page","type-page","status-publish","hentry","entry"],"_links":{"self":[{"href":"https:\/\/www.irlippok.de\/lortzingart\/wp-json\/wp\/v2\/pages\/47","targetHints":{"allow":["GET"]}}],"collection":[{"href":"https:\/\/www.irlippok.de\/lortzingart\/wp-json\/wp\/v2\/pages"}],"about":[{"href":"https:\/\/www.irlippok.de\/lortzingart\/wp-json\/wp\/v2\/types\/page"}],"author":[{"embeddable":true,"href":"https:\/\/www.irlippok.de\/lortzingart\/wp-json\/wp\/v2\/users\/1"}],"replies":[{"embeddable":true,"href":"https:\/\/www.irlippok.de\/lortzingart\/wp-json\/wp\/v2\/comments?post=47"}],"version-history":[{"count":3,"href":"https:\/\/www.irlippok.de\/lortzingart\/wp-json\/wp\/v2\/pages\/47\/revisions"}],"predecessor-version":[{"id":1299,"href":"https:\/\/www.irlippok.de\/lortzingart\/wp-json\/wp\/v2\/pages\/47\/revisions\/1299"}],"wp:attachment":[{"href":"https:\/\/www.irlippok.de\/lortzingart\/wp-json\/wp\/v2\/media?parent=47"}],"curies":[{"name":"wp","href":"https:\/\/api.w.org\/{rel}","templated":true}]}}